{"id":773,"date":"2021-06-10T14:19:51","date_gmt":"2021-06-10T11:19:51","guid":{"rendered":"http:\/\/54.93.207.191\/?page_id=773"},"modified":"2024-06-13T09:00:12","modified_gmt":"2024-06-13T06:00:12","slug":"careers","status":"publish","type":"page","link":"https:\/\/recion.com\/fi\/about-us\/careers\/","title":{"rendered":"Ty\u00f6paikat"},"content":{"rendered":"<div data-elementor-type=\"wp-page\" data-elementor-id=\"773\" class=\"elementor elementor-773\" data-elementor-post-type=\"page\">\n\t\t\t\t<div class=\"elementor-element elementor-element-5ed19801 e-flex e-con-boxed e-con e-parent\" data-id=\"5ed19801\" data-element_type=\"container\" data-e-type=\"container\">\n\t\t\t\t\t<div class=\"e-con-inner\">\n\t\t\t\t<div class=\"elementor-element elementor-element-1b991d03 elementor-widget elementor-widget-text-editor\" data-id=\"1b991d03\" data-element_type=\"widget\" data-e-type=\"widget\" data-widget_type=\"text-editor.default\">\n\t\t\t\t<div class=\"elementor-widget-container\">\n\t\t\t\t\t\t\t\t\t<p><\/p>\n<p class=\"ingressi\">Ty\u00f6turvallisuus, kattava koulutus, kunnianhimoiset projektit ja sitoutunut ammattilaisten tiimi tekev\u00e4t Recionista loistavan ty\u00f6paikan.<\/p>\n<p><\/p>\n<p><\/p>\n<p class=\"ingressi\">Tarjoamme monenlaisia mielenkiintoisia ja haastavia teht\u00e4vi\u00e4 kansainv\u00e4lisess\u00e4 ymp\u00e4rist\u00f6ss\u00e4. Meill\u00e4 on rento ja ammattimainen ty\u00f6kulttuuri, jossa on jatkuvia kehittymismahdollisuuksia. Annamme sinulle kaikki tarvittavat v\u00e4lineet ja tuen, jotta voit tehd\u00e4 parasta mahdollista ty\u00f6t\u00e4.<\/p>\n<p class=\"ingressi\">Etsimme jatkuvasti kokeneita hitsaajia, insin\u00f6\u00f6rej\u00e4 ja projektip\u00e4\u00e4llik\u00f6it\u00e4. Tarjoamme my\u00f6s harjoittelupaikkoja, kes\u00e4t\u00f6it\u00e4 ja opinn\u00e4ytety\u00f6paikkoja. Jos etsit uusia mahdollisuuksia, \u00e4l\u00e4 ep\u00e4r\u00f6i ottaa meihin yhteytt\u00e4.&nbsp;<\/p>\n<p class=\"ingressi\"><b>Avoin hakemus<\/b><\/p>\n<p class=\"ingressi\">Otamme mielell\u00e4mme vastaan p\u00e4tevien ammattilaisten hakemuksia, vaikka meill\u00e4 ei olisi avointa ty\u00f6paikkaa. L\u00e4het\u00e4 hakemus s\u00e4hk\u00f6postitse osoitteeseen rekry@recion.com.<\/p>\n<p><\/p>\n<p><\/p>\n<p><\/p>\t\t\t\t\t\t\t\t<\/div>\n\t\t\t\t<\/div>\n\t\t\t\t\t<\/div>\n\t\t\t\t<\/div>\n\t\t\t\t<\/div>","protected":false},"excerpt":{"rendered":"<p>Workplace safety, comprehensive training, ambitious projects and a committed team of professionals make Recion a great place to work. We [&#8230;]<\/p>\n<p><a class=\"btn btn-secondary understrap-read-more-link\" href=\"https:\/\/recion.com\/fi\/about-us\/careers\/\">Read More&#8230;<\/a><\/p>\n","protected":false},"author":12,"featured_media":837,"parent":111,"menu_order":0,"comment_status":"closed","ping_status":"closed","template":"","meta":{"_acf_changed":false,"content-type":"","footnotes":""},"class_list":["post-773","page","type-page","status-publish","has-post-thumbnail","hentry"],"acf":[],"_links":{"self":[{"href":"https:\/\/recion.com\/fi\/wp-json\/wp\/v2\/pages\/773","targetHints":{"allow":["GET"]}}],"collection":[{"href":"https:\/\/recion.com\/fi\/wp-json\/wp\/v2\/pages"}],"about":[{"href":"https:\/\/recion.com\/fi\/wp-json\/wp\/v2\/types\/page"}],"author":[{"embeddable":true,"href":"https:\/\/recion.com\/fi\/wp-json\/wp\/v2\/users\/12"}],"replies":[{"embeddable":true,"href":"https:\/\/recion.com\/fi\/wp-json\/wp\/v2\/comments?post=773"}],"version-history":[{"count":1,"href":"https:\/\/recion.com\/fi\/wp-json\/wp\/v2\/pages\/773\/revisions"}],"predecessor-version":[{"id":4543,"href":"https:\/\/recion.com\/fi\/wp-json\/wp\/v2\/pages\/773\/revisions\/4543"}],"up":[{"embeddable":true,"href":"https:\/\/recion.com\/fi\/wp-json\/wp\/v2\/pages\/111"}],"wp:featuredmedia":[{"embeddable":true,"href":"https:\/\/recion.com\/fi\/wp-json\/wp\/v2\/media\/837"}],"wp:attachment":[{"href":"https:\/\/recion.com\/fi\/wp-json\/wp\/v2\/media?parent=773"}],"curies":[{"name":"wp","href":"https:\/\/api.w.org\/{rel}","templated":true}]}}