{"id":1604,"date":"2022-04-20T11:43:15","date_gmt":"2022-04-20T08:43:15","guid":{"rendered":"http:\/\/54.93.207.191\/?page_id=1604"},"modified":"2022-08-29T13:05:42","modified_gmt":"2022-08-29T10:05:42","slug":"industrial-park","status":"publish","type":"page","link":"https:\/\/recion.com\/fi\/about-us\/industrial-park\/","title":{"rendered":"Teollisuuspuisto"},"content":{"rendered":"<p class=\"ingressi\">R-Yrityspuiston teollisuusalue on Recion Oy:n ja Ylivieskan kaupungin yhteinen kehityshanke. Hankkeen tavoitteena on rakentaa uusi, entist\u00e4 parempi teollisuusalue. Nykyaikainen liikekeskus R-Yrityspuisto tarjoaa yrityksille monenlaisia palveluja tehdasvalmiuksista suunnittelu- ja hankintakonsultointiin.<\/p>\n\n\n\n<p>Yritt\u00e4jyys, osaaminen ja k\u00e4sity\u00f6taito yhdistyv\u00e4t R-Yrityspuistossa palvelemaan tulevaisuuden yritysten tarpeita. Recion Ylivieskan tehdasalue on vahva ja tehokas teollisuusalue, jota tukee osaava ja monipuolinen verkosto.<\/p>\n\n\n\n<p>Ylivieskan kaupunki on kasvava ja kehittyv\u00e4 aluekeskus. Se tarjoaa runsaasti palveluja, viihtyis\u00e4\u00e4 asumista sek\u00e4 mahdollisuuksia henkil\u00f6kohtaiseen kehittymiseen ja yritysten kasvuun.<\/p>\n\n\n\n<p>Lis\u00e4tietoja osoitteessa:&nbsp;<a href=\"https:\/\/www.r-yrityspuisto.fi\" target=\"_blank\" rel=\"noreferrer noopener\">r-yrityspuisto.fi \"<\/a><\/p>","protected":false},"excerpt":{"rendered":"<p>R-Yrityspuisto industrial park is a joint development project between Recion Ltd and the city of Ylivieska. The project aims to [&#8230;]<\/p>\n<p><a class=\"btn btn-secondary understrap-read-more-link\" href=\"https:\/\/recion.com\/fi\/about-us\/industrial-park\/\">Read More&#8230;<\/a><\/p>\n","protected":false},"author":12,"featured_media":615,"parent":111,"menu_order":0,"comment_status":"closed","ping_status":"closed","template":"","meta":{"_acf_changed":false,"content-type":"","footnotes":""},"class_list":["post-1604","page","type-page","status-publish","has-post-thumbnail","hentry"],"acf":[],"_links":{"self":[{"href":"https:\/\/recion.com\/fi\/wp-json\/wp\/v2\/pages\/1604","targetHints":{"allow":["GET"]}}],"collection":[{"href":"https:\/\/recion.com\/fi\/wp-json\/wp\/v2\/pages"}],"about":[{"href":"https:\/\/recion.com\/fi\/wp-json\/wp\/v2\/types\/page"}],"author":[{"embeddable":true,"href":"https:\/\/recion.com\/fi\/wp-json\/wp\/v2\/users\/12"}],"replies":[{"embeddable":true,"href":"https:\/\/recion.com\/fi\/wp-json\/wp\/v2\/comments?post=1604"}],"version-history":[{"count":0,"href":"https:\/\/recion.com\/fi\/wp-json\/wp\/v2\/pages\/1604\/revisions"}],"up":[{"embeddable":true,"href":"https:\/\/recion.com\/fi\/wp-json\/wp\/v2\/pages\/111"}],"wp:featuredmedia":[{"embeddable":true,"href":"https:\/\/recion.com\/fi\/wp-json\/wp\/v2\/media\/615"}],"wp:attachment":[{"href":"https:\/\/recion.com\/fi\/wp-json\/wp\/v2\/media?parent=1604"}],"curies":[{"name":"wp","href":"https:\/\/api.w.org\/{rel}","templated":true}]}}